{"id":60,"date":"2018-09-18T11:09:36","date_gmt":"2018-09-18T11:09:36","guid":{"rendered":"http:\/\/osteopathie-goehler.de\/?page_id=60"},"modified":"2018-09-27T17:52:16","modified_gmt":"2018-09-27T17:52:16","slug":"osteopathie-2","status":"publish","type":"page","link":"https:\/\/osteopathie-goehler.de\/?page_id=60","title":{"rendered":"Osteopathie"},"content":{"rendered":"<p><strong>Strategie der Osteopathie<\/strong><\/p>\n<p>Die Osteopathie betrachtet den Menschen als Ganzes und geht davon aus, dass sich alle Funktionen im menschlichen K\u00f6rper gegenseitig beeinflussen. Durch die manuellen Techniken wird eine Harmonie zwischen den K\u00f6rpersystemen (Gelenke, Muskeln, Faszien, innere Organe, Nerven etc.) angestrebt. Genaue Kenntnisse der Anatomie und der Physiologie sind Grundvoraussetzungen f\u00fcr die Osteopathie.\u00a0Des weiteren\u00a0beeinflussen Ern\u00e4hrung,\u00a0 psychische und soziale Lebensfaktoren das Gesamtbild.<\/p>\n<p>Der ganzheitliche Ansatz beginnt mit einer Anamnese und einer komplexen Befundaufnahme zur Ursachenfindung des Beschwerdebildes.<\/p>\n<p>Unterschiedliche Behandlungsans\u00e4tze m\u00fcssen keine Widerspr\u00fcche sein, sondern\u00a0sie\u00a0k\u00f6nnen sich\u00a0miteinander in ihrer Philosophie\u00a0hervorragend\u00a0vervollst\u00e4ndigen. Demzufolge\u00a0k\u00f6nnen\u00a0Schulmedizin, TCM, Kinesiologie,\u00a0Naturheilkunde,\u00a0 Hom\u00f6opathie, psychologische und\u00a0andere Therapieformen mit der\u00a0Osteopathie kombiniert und erg\u00e4nzt werden, so dass der Patient eine m\u00f6glichst optimale Behandlung erf\u00e4hrt.<\/p>\n<p><strong>\u00a0<\/strong><\/p>\n<ul class=\"xpage-menu\">\n<li><a href=\"https:\/\/osteopathie-goehler.de\/?page_id=13\">S\u00e4uglinge und Kinder<\/a><\/li>\n<li><a href=\"https:\/\/osteopathie-goehler.de\/?page_id=77\">Erwachsene<\/a><\/li>\n<li><a href=\"https:\/\/osteopathie-goehler.de\/?page_id=80\">Grenzen<\/a><\/li>\n<li><a href=\"https:\/\/osteopathie-goehler.de\/?page_id=61\">Was ist Osteopathie?<\/a><\/li>\n<\/ul>\n<p>&nbsp;<\/p>\n","protected":false},"excerpt":{"rendered":"<p>Strategie der Osteopathie Die Osteopathie betrachtet den Menschen als Ganzes und geht davon aus, dass sich alle Funktionen im menschlichen K\u00f6rper gegenseitig beeinflussen. Durch die manuellen Techniken wird eine Harmonie zwischen den K\u00f6rpersystemen (Gelenke, Muskeln, Faszien, innere Organe, Nerven etc.) angestrebt. Genaue Kenntnisse der Anatomie und der Physiologie sind Grundvoraussetzungen f\u00fcr die Osteopathie.\u00a0Des weiteren\u00a0beeinflussen Ern\u00e4hrung,\u00a0 &hellip; <\/p>\n<p class=\"link-more\"><a href=\"https:\/\/osteopathie-goehler.de\/?page_id=60\" class=\"more-link\"><span class=\"screen-reader-text\">\u201eOsteopathie\u201c<\/span> weiterlesen<\/a><\/p>\n","protected":false},"author":2,"featured_media":0,"parent":0,"menu_order":0,"comment_status":"closed","ping_status":"closed","template":"","meta":[],"_links":{"self":[{"href":"https:\/\/osteopathie-goehler.de\/index.php?rest_route=\/wp\/v2\/pages\/60"}],"collection":[{"href":"https:\/\/osteopathie-goehler.de\/index.php?rest_route=\/wp\/v2\/pages"}],"about":[{"href":"https:\/\/osteopathie-goehler.de\/index.php?rest_route=\/wp\/v2\/types\/page"}],"author":[{"embeddable":true,"href":"https:\/\/osteopathie-goehler.de\/index.php?rest_route=\/wp\/v2\/users\/2"}],"replies":[{"embeddable":true,"href":"https:\/\/osteopathie-goehler.de\/index.php?rest_route=%2Fwp%2Fv2%2Fcomments&post=60"}],"version-history":[{"count":8,"href":"https:\/\/osteopathie-goehler.de\/index.php?rest_route=\/wp\/v2\/pages\/60\/revisions"}],"predecessor-version":[{"id":245,"href":"https:\/\/osteopathie-goehler.de\/index.php?rest_route=\/wp\/v2\/pages\/60\/revisions\/245"}],"wp:attachment":[{"href":"https:\/\/osteopathie-goehler.de\/index.php?rest_route=%2Fwp%2Fv2%2Fmedia&parent=60"}],"curies":[{"name":"wp","href":"https:\/\/api.w.org\/{rel}","templated":true}]}}