{"id":54,"date":"2018-09-18T11:04:06","date_gmt":"2018-09-18T11:04:06","guid":{"rendered":"http:\/\/osteopathie-goehler.de\/?page_id=54"},"modified":"2018-09-29T06:05:33","modified_gmt":"2018-09-29T06:05:33","slug":"praxis-2","status":"publish","type":"page","link":"https:\/\/osteopathie-goehler.de\/?page_id=54","title":{"rendered":"Praxis"},"content":{"rendered":"<p>In der Altstadt Freiberg, Nikolaigasse 15, in der N\u00e4he des Theaters, in ruhiger Lage befindet sich die Praxis f\u00fcr Osteopathie und Naturheilkunde. Direkt schr\u00e4g gegen\u00fcber besteht die M\u00f6glichkeit zum Parken auf einem geb\u00fchrenpflichtigen Parkplatz oder kostenfrei in n\u00e4herer Umgebung.<\/p>\n<p><strong>Behandlung: <\/strong>S\u00e4uglinge, Kinder, Jugendliche, Erwachsene<\/p>\n<p><strong>Abrechnung\/eventuelle Kosten\u00fcbernahme<\/strong><\/p>\n<p>Die Abrechnung der osteopathischen Behandlung findet nach der Geb\u00fchrenordnung f\u00fcr Heilpraktiker (Geb\u00fcH) statt.<\/p>\n<p>Die \u00dcbernahme der osteopathischen Behandlung wird teilweise von einigen gesetzlichen und privaten Krankenkassen, Berufsgenossenschaften \u00fcbernommen. Voraussetzung ist das Empfehlungsschreiben des Arztes, welches von Ihnen bei Ihrer Krankenkasse eingereicht werden kann. Bitte informieren Sie sich bei Ihrer jeweiligen Krankenkasse.<\/p>\n<p><strong>Zahlung<\/strong>: per EC- Zahlung oder Barzahlung<\/p>\n<p><strong>Terminvereinbarung telefonisch: <\/strong>\u00a0<em>Mo- Fr von 12.30-13.00 Uhr oder AB<\/em><\/p>\n<p><em>Um eine in Ruhe stattfindende Behandlung zu realisieren, bitte ich Sie f\u00fcr die Terminabsprache mir eine Nachricht auf dem Anrufbeantworter zu hinterlassen. Ich rufe Sie baldm\u00f6glichst zur\u00fcck!<\/em><\/p>\n<p><em><mark>Termine nach Vereinbarung<\/mark><\/em><\/p>\n<p><a href=\"tel:\/\/004937317988328\/\">Tel.: 03731 79 88 328<\/a><\/p>\n<p>Bitte haben Sie Verst\u00e4ndnis, dass ich Termine, die ohne vorherige Absage nicht wahrgenommen oder weniger als 24 Stunden vorher abgesagt werden, in Rechnung stelle.<\/p>\n<p><strong>Ihr erster Termin<\/strong><\/p>\n<p>Am Anfang steht ein ausf\u00fchrliches Gespr\u00e4ch. Dabei werden Beschwerden, Krankheitsvorgeschichte und Lebensgewohnheiten erfragt.\u00a0\u00a0Die Befundaufnahme geh\u00f6rt stets zum Ausgangspunkt der Behandlung. Eine osteopathische Behandlung dauert meist\u00a050 Minuten. Die Dauer der\u00a0Therapieeinheit kann je nach Konstitution des Patienten sowie dessen Krankheitsbild variieren.<\/p>\n<p><strong>\u00a0<\/strong><strong>Kontakt<\/strong><\/p>\n\n<div class=\"wpcf7 no-js\" id=\"wpcf7-f123-o1\" lang=\"de-DE\" dir=\"ltr\">\n<div class=\"screen-reader-response\"><p role=\"status\" aria-live=\"polite\" aria-atomic=\"true\"><\/p> <ul><\/ul><\/div>\n<form action=\"\/index.php?rest_route=%2Fwp%2Fv2%2Fpages%2F54#wpcf7-f123-o1\" method=\"post\" class=\"wpcf7-form init\" aria-label=\"Kontaktformular\" novalidate=\"novalidate\" data-status=\"init\">\n<div style=\"display: none;\">\n<input type=\"hidden\" name=\"_wpcf7\" value=\"123\" \/>\n<input type=\"hidden\" name=\"_wpcf7_version\" value=\"5.7.3\" \/>\n<input type=\"hidden\" name=\"_wpcf7_locale\" value=\"de_DE\" \/>\n<input type=\"hidden\" name=\"_wpcf7_unit_tag\" value=\"wpcf7-f123-o1\" \/>\n<input type=\"hidden\" name=\"_wpcf7_container_post\" value=\"0\" \/>\n<input type=\"hidden\" name=\"_wpcf7_posted_data_hash\" value=\"\" \/>\n<\/div>\n<p><label> Ihr Name (Pflichtfeld)<br \/>\n<span class=\"wpcf7-form-control-wrap\" data-name=\"your-name\"><input size=\"40\" class=\"wpcf7-form-control wpcf7-text wpcf7-validates-as-required\" aria-required=\"true\" aria-invalid=\"false\" value=\"\" type=\"text\" name=\"your-name\" \/><\/span> <\/label>\n<\/p>\n<p><label> Stra\u00dfe (Optional)<br \/>\n<span class=\"wpcf7-form-control-wrap\" data-name=\"address1\"><input size=\"40\" class=\"wpcf7-form-control wpcf7-text\" aria-invalid=\"false\" value=\"\" type=\"text\" name=\"address1\" \/><\/span> <\/label>\n<\/p>\n<p><label> PLZ, Ort (Optional)<br \/>\n<span class=\"wpcf7-form-control-wrap\" data-name=\"address2\"><input size=\"40\" class=\"wpcf7-form-control wpcf7-text\" aria-invalid=\"false\" value=\"\" type=\"text\" name=\"address2\" \/><\/span> <\/label>\n<\/p>\n<p><label> Telefonnummer (Pflichtfeld)<br \/>\n<span class=\"wpcf7-form-control-wrap\" data-name=\"your-tel\"><input size=\"40\" class=\"wpcf7-form-control wpcf7-text wpcf7-tel wpcf7-validates-as-required wpcf7-validates-as-tel\" aria-required=\"true\" aria-invalid=\"false\" value=\"\" type=\"tel\" name=\"your-tel\" \/><\/span> <\/label>\n<\/p>\n<p><label> E-Mail (Optional)<br \/>\n<span class=\"wpcf7-form-control-wrap\" data-name=\"your-email\"><input size=\"40\" class=\"wpcf7-form-control wpcf7-text wpcf7-email wpcf7-validates-as-email\" aria-invalid=\"false\" value=\"\" type=\"email\" name=\"your-email\" \/><\/span> <\/label>\n<\/p>\n<p><label> Betreff<br \/>\n<span class=\"wpcf7-form-control-wrap\" data-name=\"your-subject\"><input size=\"40\" class=\"wpcf7-form-control wpcf7-text\" aria-invalid=\"false\" value=\"\" type=\"text\" name=\"your-subject\" \/><\/span> <\/label>\n<\/p>\n<p><label> Ihre Nachricht\/ Anfrage<br \/>\n<span class=\"wpcf7-form-control-wrap\" data-name=\"your-message\"><textarea cols=\"40\" rows=\"4\" class=\"wpcf7-form-control wpcf7-textarea\" aria-invalid=\"false\" name=\"your-message\"><\/textarea><\/span> <\/label>\n<\/p>\n<p><input class=\"wpcf7-form-control has-spinner wpcf7-submit\" type=\"submit\" value=\"Senden\" \/>\n<\/p><div class=\"wpcf7-response-output\" aria-hidden=\"true\"><\/div>\n<\/form>\n<\/div>\n\n","protected":false},"excerpt":{"rendered":"<p>In der Altstadt Freiberg, Nikolaigasse 15, in der N\u00e4he des Theaters, in ruhiger Lage befindet sich die Praxis f\u00fcr Osteopathie und Naturheilkunde. Direkt schr\u00e4g gegen\u00fcber besteht die M\u00f6glichkeit zum Parken auf einem geb\u00fchrenpflichtigen Parkplatz oder kostenfrei in n\u00e4herer Umgebung. Behandlung: S\u00e4uglinge, Kinder, Jugendliche, Erwachsene Abrechnung\/eventuelle Kosten\u00fcbernahme Die Abrechnung der osteopathischen Behandlung findet nach der Geb\u00fchrenordnung &hellip; <\/p>\n<p class=\"link-more\"><a href=\"https:\/\/osteopathie-goehler.de\/?page_id=54\" class=\"more-link\"><span class=\"screen-reader-text\">\u201ePraxis\u201c<\/span> weiterlesen<\/a><\/p>\n","protected":false},"author":2,"featured_media":0,"parent":0,"menu_order":0,"comment_status":"closed","ping_status":"closed","template":"","meta":[],"_links":{"self":[{"href":"https:\/\/osteopathie-goehler.de\/index.php?rest_route=\/wp\/v2\/pages\/54"}],"collection":[{"href":"https:\/\/osteopathie-goehler.de\/index.php?rest_route=\/wp\/v2\/pages"}],"about":[{"href":"https:\/\/osteopathie-goehler.de\/index.php?rest_route=\/wp\/v2\/types\/page"}],"author":[{"embeddable":true,"href":"https:\/\/osteopathie-goehler.de\/index.php?rest_route=\/wp\/v2\/users\/2"}],"replies":[{"embeddable":true,"href":"https:\/\/osteopathie-goehler.de\/index.php?rest_route=%2Fwp%2Fv2%2Fcomments&post=54"}],"version-history":[{"count":9,"href":"https:\/\/osteopathie-goehler.de\/index.php?rest_route=\/wp\/v2\/pages\/54\/revisions"}],"predecessor-version":[{"id":252,"href":"https:\/\/osteopathie-goehler.de\/index.php?rest_route=\/wp\/v2\/pages\/54\/revisions\/252"}],"wp:attachment":[{"href":"https:\/\/osteopathie-goehler.de\/index.php?rest_route=%2Fwp%2Fv2%2Fmedia&parent=54"}],"curies":[{"name":"wp","href":"https:\/\/api.w.org\/{rel}","templated":true}]}}