{"id":52,"date":"2018-09-18T11:15:54","date_gmt":"2018-09-18T11:15:54","guid":{"rendered":"http:\/\/osteopathie-goehler.de\/?page_id=52"},"modified":"2018-09-29T05:58:51","modified_gmt":"2018-09-29T05:58:51","slug":"ueber-mich","status":"publish","type":"page","link":"https:\/\/osteopathie-goehler.de\/?page_id=52","title":{"rendered":"\u00dcber mich"},"content":{"rendered":"<p>Ich bin ausgebildete Physiotherapeutin mit den Abschl\u00fcssen in Manueller Therapie, PNF,\u00a0\u00a0Manipulativmassage nach Dr. Terrier und Manueller Lymphdrainage.<\/p>\n<p>2006 erwarb ich den Abschluss als Heilpraktikerin \u00fcber die Heilpraktikerschule Mehner &amp; Busshardt Dresden.<\/p>\n<p>Den Abschluss f\u00fcr Osteopathie erhielt ich 2013 nach dem abgeschlossenen 5 j\u00e4hrigen Osteopathie Studium an der International Academy of Osteopathie Belgien (IAO).<\/p>\n<p>Die Listung erfolgt \u00fcber den Bundesverband Osteopathie BVO e.V.<\/p>\n<p>In der Johannesbad Fachklinik &amp; Gesundheitszentrum\u00a0Raupennest Altenberg behandelte ich f\u00fcnf Jahre als Heilpraktikerin f\u00fcr Osteopathie ambulante sowie station\u00e4re Patienten.<\/p>\n<p>&nbsp;<\/p>\n<p><em>Weiterbildungen<\/em><\/p>\n<ul>\n<li>2016 Behandlung der Organsysteme (Metabolisches System\/ Ern\u00e4hrungstherapie\/\u00a0Matrixdynamisierung) Ausbildung an der zima<\/li>\n<li>2012- 2017 Ausbildungen in der Kinderosteopathie<\/li>\n<li>2007 Injektionstechnik<\/li>\n<li>2005 Hom\u00f6opathische Haus- und Notfallapotheke<\/li>\n<li>2005 Touch for Health<\/li>\n<\/ul>\n<p>&nbsp;<\/p>\n<p>&nbsp;<\/p>\n<p><strong>\u00a0<\/strong><\/p>\n<p><strong>\u00a0<\/strong><\/p>\n<p><strong>\u00a0<\/strong><\/p>\n<p><strong>\u00a0<\/strong><\/p>\n<p><strong>\u00a0<\/strong><\/p>\n<p><strong>\u00a0<\/strong><\/p>\n<p><strong>\u00a0<\/strong><\/p>\n<p><strong>\u00a0<\/strong><\/p>\n<p><strong>\u00a0<\/strong><\/p>\n<p><strong>\u00a0<\/strong><\/p>\n<p><strong>\u00a0<\/strong><\/p>\n<p><strong>\u00a0<\/strong><\/p>\n","protected":false},"excerpt":{"rendered":"<p>Ich bin ausgebildete Physiotherapeutin mit den Abschl\u00fcssen in Manueller Therapie, PNF,\u00a0\u00a0Manipulativmassage nach Dr. Terrier und Manueller Lymphdrainage. 2006 erwarb ich den Abschluss als Heilpraktikerin \u00fcber die Heilpraktikerschule Mehner &amp; Busshardt Dresden. Den Abschluss f\u00fcr Osteopathie erhielt ich 2013 nach dem abgeschlossenen 5 j\u00e4hrigen Osteopathie Studium an der International Academy of Osteopathie Belgien (IAO). Die Listung &hellip; <\/p>\n<p class=\"link-more\"><a href=\"https:\/\/osteopathie-goehler.de\/?page_id=52\" class=\"more-link\"><span class=\"screen-reader-text\">\u201e\u00dcber mich\u201c<\/span> weiterlesen<\/a><\/p>\n","protected":false},"author":2,"featured_media":0,"parent":0,"menu_order":0,"comment_status":"closed","ping_status":"closed","template":"","meta":[],"_links":{"self":[{"href":"https:\/\/osteopathie-goehler.de\/index.php?rest_route=\/wp\/v2\/pages\/52"}],"collection":[{"href":"https:\/\/osteopathie-goehler.de\/index.php?rest_route=\/wp\/v2\/pages"}],"about":[{"href":"https:\/\/osteopathie-goehler.de\/index.php?rest_route=\/wp\/v2\/types\/page"}],"author":[{"embeddable":true,"href":"https:\/\/osteopathie-goehler.de\/index.php?rest_route=\/wp\/v2\/users\/2"}],"replies":[{"embeddable":true,"href":"https:\/\/osteopathie-goehler.de\/index.php?rest_route=%2Fwp%2Fv2%2Fcomments&post=52"}],"version-history":[{"count":9,"href":"https:\/\/osteopathie-goehler.de\/index.php?rest_route=\/wp\/v2\/pages\/52\/revisions"}],"predecessor-version":[{"id":251,"href":"https:\/\/osteopathie-goehler.de\/index.php?rest_route=\/wp\/v2\/pages\/52\/revisions\/251"}],"wp:attachment":[{"href":"https:\/\/osteopathie-goehler.de\/index.php?rest_route=%2Fwp%2Fv2%2Fmedia&parent=52"}],"curies":[{"name":"wp","href":"https:\/\/api.w.org\/{rel}","templated":true}]}}