{"id":31,"date":"2018-09-10T11:03:50","date_gmt":"2018-09-10T11:03:50","guid":{"rendered":"http:\/\/osteopathie-goehler.de\/?page_id=31"},"modified":"2023-07-31T19:49:59","modified_gmt":"2023-07-31T19:49:59","slug":"praxis","status":"publish","type":"page","link":"https:\/\/osteopathie-goehler.de\/?page_id=31","title":{"rendered":"Kontakt"},"content":{"rendered":"<h4>Kontakt<\/h4>\n<p>Heilpraktikerin mit Schwerpunkt Osteopathie<\/p>\n<p><em>Janine G\u00f6hler<\/em><\/p>\n<ul>\n<li style=\"text-align: left;\">Mitglied im Bundesverband Osteopathie BVO e.V.<\/li>\n<li style=\"text-align: left;\">Mitglied im Berufsverband Deutsche Naturheilkunde e.V.<\/li>\n<\/ul>\n<p>Praxis f\u00fcr Osteopathie und Naturheilkunde<br \/>\n<a href=\"https:\/\/www.google.de\/maps\/place\/Nikolaigasse+15,+09599+Freiberg\/@50.9187889,13.3442082,17.02z\" target=\"_blank\" rel=\"noopener\">Nikolaigasse 15<\/a> (barrierefrei)<br \/>\n<a href=\"https:\/\/www.google.de\/maps\/place\/Nikolaigasse+15,+09599+Freiberg\/@50.9187889,13.3442082,17.02z\" target=\"_blank\" rel=\"noopener\">09599 Freiberg<\/a><\/p>\n<p>Behandlung von S\u00e4uglingen, Kindern und Erwachsenen<\/p>\n<p><a href=\"tel:\/\/004937317988328\/\">Tel.: 03731 79 88 328<\/a><\/p>\n<p>Anrufbeantworter<\/p>\n<p>Ich rufe Sie zur\u00fcck<\/p>\n<p><strong>Termine<\/strong><\/p>\n<p><em><mark>Nach Vereinbarung<\/mark><\/em><\/p>\n<p><a href=\"mailto:info@osteopathie-goehler.de\">info@osteopathie-goehler.de<\/a><\/p>\n<p>Kostenpflichtige Parkpl\u00e4tze<br \/>\ndirekt gegen\u00fcber<br \/>\nkostenfrei in n\u00e4herer Umgebung<\/p>\n<h4>Anfragen<\/h4>\n<p>Anfragen k\u00f6nnen Sie gern \u00fcber folgendes Formular stellen:<\/p>\n\n<div class=\"wpcf7 no-js\" id=\"wpcf7-f123-o1\" lang=\"de-DE\" dir=\"ltr\">\n<div class=\"screen-reader-response\"><p role=\"status\" aria-live=\"polite\" aria-atomic=\"true\"><\/p> <ul><\/ul><\/div>\n<form action=\"\/index.php?rest_route=%2Fwp%2Fv2%2Fpages%2F31#wpcf7-f123-o1\" method=\"post\" class=\"wpcf7-form init\" aria-label=\"Kontaktformular\" novalidate=\"novalidate\" data-status=\"init\">\n<div style=\"display: none;\">\n<input type=\"hidden\" name=\"_wpcf7\" value=\"123\" \/>\n<input type=\"hidden\" name=\"_wpcf7_version\" value=\"5.7.3\" \/>\n<input type=\"hidden\" name=\"_wpcf7_locale\" value=\"de_DE\" \/>\n<input type=\"hidden\" name=\"_wpcf7_unit_tag\" value=\"wpcf7-f123-o1\" \/>\n<input type=\"hidden\" name=\"_wpcf7_container_post\" value=\"0\" \/>\n<input type=\"hidden\" name=\"_wpcf7_posted_data_hash\" value=\"\" \/>\n<\/div>\n<p><label> Ihr Name (Pflichtfeld)<br \/>\n<span class=\"wpcf7-form-control-wrap\" data-name=\"your-name\"><input size=\"40\" class=\"wpcf7-form-control wpcf7-text wpcf7-validates-as-required\" aria-required=\"true\" aria-invalid=\"false\" value=\"\" type=\"text\" name=\"your-name\" \/><\/span> <\/label>\n<\/p>\n<p><label> Stra\u00dfe (Optional)<br \/>\n<span class=\"wpcf7-form-control-wrap\" data-name=\"address1\"><input size=\"40\" class=\"wpcf7-form-control wpcf7-text\" aria-invalid=\"false\" value=\"\" type=\"text\" name=\"address1\" \/><\/span> <\/label>\n<\/p>\n<p><label> PLZ, Ort (Optional)<br \/>\n<span class=\"wpcf7-form-control-wrap\" data-name=\"address2\"><input size=\"40\" class=\"wpcf7-form-control wpcf7-text\" aria-invalid=\"false\" value=\"\" type=\"text\" name=\"address2\" \/><\/span> <\/label>\n<\/p>\n<p><label> Telefonnummer (Pflichtfeld)<br \/>\n<span class=\"wpcf7-form-control-wrap\" data-name=\"your-tel\"><input size=\"40\" class=\"wpcf7-form-control wpcf7-text wpcf7-tel wpcf7-validates-as-required wpcf7-validates-as-tel\" aria-required=\"true\" aria-invalid=\"false\" value=\"\" type=\"tel\" name=\"your-tel\" \/><\/span> <\/label>\n<\/p>\n<p><label> E-Mail (Optional)<br \/>\n<span class=\"wpcf7-form-control-wrap\" data-name=\"your-email\"><input size=\"40\" class=\"wpcf7-form-control wpcf7-text wpcf7-email wpcf7-validates-as-email\" aria-invalid=\"false\" value=\"\" type=\"email\" name=\"your-email\" \/><\/span> <\/label>\n<\/p>\n<p><label> Betreff<br \/>\n<span class=\"wpcf7-form-control-wrap\" data-name=\"your-subject\"><input size=\"40\" class=\"wpcf7-form-control wpcf7-text\" aria-invalid=\"false\" value=\"\" type=\"text\" name=\"your-subject\" \/><\/span> <\/label>\n<\/p>\n<p><label> Ihre Nachricht\/ Anfrage<br \/>\n<span class=\"wpcf7-form-control-wrap\" data-name=\"your-message\"><textarea cols=\"40\" rows=\"4\" class=\"wpcf7-form-control wpcf7-textarea\" aria-invalid=\"false\" name=\"your-message\"><\/textarea><\/span> <\/label>\n<\/p>\n<p><input class=\"wpcf7-form-control has-spinner wpcf7-submit\" type=\"submit\" value=\"Senden\" \/>\n<\/p><div class=\"wpcf7-response-output\" aria-hidden=\"true\"><\/div>\n<\/form>\n<\/div>\n\n","protected":false},"excerpt":{"rendered":"<p>Kontakt Heilpraktikerin mit Schwerpunkt Osteopathie Janine G\u00f6hler Mitglied im Bundesverband Osteopathie BVO e.V. Mitglied im Berufsverband Deutsche Naturheilkunde e.V. Praxis f\u00fcr Osteopathie und Naturheilkunde Nikolaigasse 15 (barrierefrei) 09599 Freiberg Behandlung von S\u00e4uglingen, Kindern und Erwachsenen Tel.: 03731 79 88 328 Anrufbeantworter Ich rufe Sie zur\u00fcck Termine Nach Vereinbarung info@osteopathie-goehler.de Kostenpflichtige Parkpl\u00e4tze direkt gegen\u00fcber kostenfrei in &hellip; <\/p>\n<p class=\"link-more\"><a href=\"https:\/\/osteopathie-goehler.de\/?page_id=31\" class=\"more-link\"><span class=\"screen-reader-text\">\u201eKontakt\u201c<\/span> weiterlesen<\/a><\/p>\n","protected":false},"author":1,"featured_media":0,"parent":0,"menu_order":0,"comment_status":"closed","ping_status":"closed","template":"","meta":[],"_links":{"self":[{"href":"https:\/\/osteopathie-goehler.de\/index.php?rest_route=\/wp\/v2\/pages\/31"}],"collection":[{"href":"https:\/\/osteopathie-goehler.de\/index.php?rest_route=\/wp\/v2\/pages"}],"about":[{"href":"https:\/\/osteopathie-goehler.de\/index.php?rest_route=\/wp\/v2\/types\/page"}],"author":[{"embeddable":true,"href":"https:\/\/osteopathie-goehler.de\/index.php?rest_route=\/wp\/v2\/users\/1"}],"replies":[{"embeddable":true,"href":"https:\/\/osteopathie-goehler.de\/index.php?rest_route=%2Fwp%2Fv2%2Fcomments&post=31"}],"version-history":[{"count":13,"href":"https:\/\/osteopathie-goehler.de\/index.php?rest_route=\/wp\/v2\/pages\/31\/revisions"}],"predecessor-version":[{"id":259,"href":"https:\/\/osteopathie-goehler.de\/index.php?rest_route=\/wp\/v2\/pages\/31\/revisions\/259"}],"wp:attachment":[{"href":"https:\/\/osteopathie-goehler.de\/index.php?rest_route=%2Fwp%2Fv2%2Fmedia&parent=31"}],"curies":[{"name":"wp","href":"https:\/\/api.w.org\/{rel}","templated":true}]}}