{"id":13,"date":"2018-09-10T09:12:14","date_gmt":"2018-09-10T09:12:14","guid":{"rendered":"http:\/\/osteopathie-goehler.de\/?page_id=13"},"modified":"2018-09-30T20:14:45","modified_gmt":"2018-09-30T20:14:45","slug":"osteopathie","status":"publish","type":"page","link":"https:\/\/osteopathie-goehler.de\/?page_id=13","title":{"rendered":"S\u00e4uglinge und Kinder"},"content":{"rendered":"<p><em><strong>Osteopathie bei S\u00e4uglingen und Kindern<\/strong><\/em><\/p>\n<p><img decoding=\"async\" loading=\"lazy\" class=\"size-medium wp-image-151 alignright\" src=\"https:\/\/osteopathie-goehler.de\/wp-content\/uploads\/2018\/09\/manuel-schinner-349153-unsplash-300x200.jpg\" alt=\"\" width=\"300\" height=\"200\" srcset=\"https:\/\/osteopathie-goehler.de\/wp-content\/uploads\/2018\/09\/manuel-schinner-349153-unsplash-300x200.jpg 300w, https:\/\/osteopathie-goehler.de\/wp-content\/uploads\/2018\/09\/manuel-schinner-349153-unsplash-768x512.jpg 768w, https:\/\/osteopathie-goehler.de\/wp-content\/uploads\/2018\/09\/manuel-schinner-349153-unsplash-1024x683.jpg 1024w\" sizes=\"(max-width: 300px) 100vw, 300px\" \/>Bei Kindern ist das Konzept der Osteopathie ebenso anwendbar wie beim Erwachsenen, allerdings stellen die\u00a0physiologischen Prozesse,\u00a0in\u00a0der Entwicklung der Organe und\u00a0Gewebsstrukturen Besonderheiten dar. Neugeborene k\u00f6nnen bereits durch die Position im Mutterleib oder\u00a0aufgrund der\u00a0Geburt funktionelle St\u00f6rungen entwickeln.<\/p>\n<ul>\n<li>lange oder schnelle Geburt<\/li>\n<li>schwierige Austreibungsphase<\/li>\n<li>Not-bzw. Kaiserschnitt<\/li>\n<li>Saugglocke<\/li>\n<\/ul>\n<p>Zum Teil werden die entstandenen Funktionsst\u00f6rungen nat\u00fcrlich kompensiert. \u00a0Studien zeigen allerdings, das bis zu 30% sich nicht selbst regulieren. Die Osteopathie kann mit sanften Impulsen und Weichteiltechniken eine Regulierung der Funktionsst\u00f6rung erreichen.<\/p>\n<p>Die osteopathisch diagnostische Vorgehensweise und Aufmerksamkeit richtet sich auch auf die Dynamik in der Entwicklung (sensomotorisch und emotional) und auf die Krankheitsanf\u00e4lligkeit im Kindesalter.<\/p>\n<p><em>Welche Auff\u00e4lligkeiten erkennen die Eltern?<\/em><\/p>\n<ul>\n<li>\u00dcberstreckung der Wirbels\u00e4ule<\/li>\n<li>Vorzugsseite der Kopfdrehung zu einer Seite in R\u00fcckenlage<\/li>\n<li>Asymmetrische Benutzung der Arme<\/li>\n<li>Gesichts- bzw. Sch\u00e4delasymmetrie (Hinterhauptabflachung)<\/li>\n<li>Kopfhalteschw\u00e4che oder ausgepr\u00e4gte Kopfr\u00fcckbeuge in Bauchlage<\/li>\n<li>Stillprobleme bevorzugt an einer Brustseite<\/li>\n<li>Verl\u00e4ngerte bzw. ausgepr\u00e4gte \u201eDreimonatskoliken\u201c Sogenannte Schreikinder\u201c<\/li>\n<li>Ber\u00fchrungsempfindlichkeit im Nacken- bzw. Kopfbereich (M\u00fctze aufsetzen)<\/li>\n<li>Pressen des Kopfes gegen die Bettwand<\/li>\n<li>Reifungsprobleme an den H\u00fcften, Fehlstellungen bzw. \u2013haltungen der F\u00fc\u00dfe (z.B. Sichelf\u00fc\u00dfe)<\/li>\n<\/ul>\n<p><em>Die Medizin geht derzeit davon aus, dass ungel\u00f6ste Funktionsst\u00f6rungen Einfluss auf die motorische und sensorische Entwicklung des Kindes haben k\u00f6nnen.<\/em><\/p>\n<ul>\n<li>Motorische Unruhe bis zu Hyperaktivit\u00e4t<img decoding=\"async\" loading=\"lazy\" class=\" wp-image-143 alignright\" src=\"https:\/\/osteopathie-goehler.de\/wp-content\/uploads\/2018\/09\/markus-spiske-556097-unsplash-200x300.jpg\" alt=\"\" width=\"135\" height=\"203\" srcset=\"https:\/\/osteopathie-goehler.de\/wp-content\/uploads\/2018\/09\/markus-spiske-556097-unsplash-200x300.jpg 200w, https:\/\/osteopathie-goehler.de\/wp-content\/uploads\/2018\/09\/markus-spiske-556097-unsplash-768x1152.jpg 768w, https:\/\/osteopathie-goehler.de\/wp-content\/uploads\/2018\/09\/markus-spiske-556097-unsplash-683x1024.jpg 683w\" sizes=\"(max-width: 135px) 100vw, 135px\" \/><\/li>\n<li>Konzentrationsst\u00f6rung\/ Lernschwierigkeiten<\/li>\n<li>Auff\u00e4lligkeiten in der Sprachentwicklung<\/li>\n<li>Feinmotorik beeintr\u00e4chtigt<\/li>\n<li>Wahrnehmungsst\u00f6rung<\/li>\n<li>Kopfschmerzen<\/li>\n<li>R\u00fcckenschmerzen<\/li>\n<li>Mittelohrentz\u00fcndung<\/li>\n<li>Verdauungsprobleme<\/li>\n<\/ul>\n<p>&nbsp;<\/p>\n<p>&nbsp;<\/p>\n<p>&nbsp;<\/p>\n<p>&nbsp;<\/p>\n<p>&nbsp;<\/p>\n<p>&nbsp;<\/p>\n<p>&nbsp;<\/p>\n","protected":false},"excerpt":{"rendered":"<p>Osteopathie bei S\u00e4uglingen und Kindern Bei Kindern ist das Konzept der Osteopathie ebenso anwendbar wie beim Erwachsenen, allerdings stellen die\u00a0physiologischen Prozesse,\u00a0in\u00a0der Entwicklung der Organe und\u00a0Gewebsstrukturen Besonderheiten dar. Neugeborene k\u00f6nnen bereits durch die Position im Mutterleib oder\u00a0aufgrund der\u00a0Geburt funktionelle St\u00f6rungen entwickeln. lange oder schnelle Geburt schwierige Austreibungsphase Not-bzw. Kaiserschnitt Saugglocke Zum Teil werden die entstandenen Funktionsst\u00f6rungen &hellip; <\/p>\n<p class=\"link-more\"><a href=\"https:\/\/osteopathie-goehler.de\/?page_id=13\" class=\"more-link\"><span class=\"screen-reader-text\">\u201eS\u00e4uglinge und Kinder\u201c<\/span> weiterlesen<\/a><\/p>\n","protected":false},"author":1,"featured_media":0,"parent":0,"menu_order":0,"comment_status":"closed","ping_status":"closed","template":"","meta":[],"_links":{"self":[{"href":"https:\/\/osteopathie-goehler.de\/index.php?rest_route=\/wp\/v2\/pages\/13"}],"collection":[{"href":"https:\/\/osteopathie-goehler.de\/index.php?rest_route=\/wp\/v2\/pages"}],"about":[{"href":"https:\/\/osteopathie-goehler.de\/index.php?rest_route=\/wp\/v2\/types\/page"}],"author":[{"embeddable":true,"href":"https:\/\/osteopathie-goehler.de\/index.php?rest_route=\/wp\/v2\/users\/1"}],"replies":[{"embeddable":true,"href":"https:\/\/osteopathie-goehler.de\/index.php?rest_route=%2Fwp%2Fv2%2Fcomments&post=13"}],"version-history":[{"count":24,"href":"https:\/\/osteopathie-goehler.de\/index.php?rest_route=\/wp\/v2\/pages\/13\/revisions"}],"predecessor-version":[{"id":255,"href":"https:\/\/osteopathie-goehler.de\/index.php?rest_route=\/wp\/v2\/pages\/13\/revisions\/255"}],"wp:attachment":[{"href":"https:\/\/osteopathie-goehler.de\/index.php?rest_route=%2Fwp%2Fv2%2Fmedia&parent=13"}],"curies":[{"name":"wp","href":"https:\/\/api.w.org\/{rel}","templated":true}]}}