{"id":11,"date":"2018-09-10T09:10:59","date_gmt":"2018-09-10T09:10:59","guid":{"rendered":"http:\/\/osteopathie-goehler.de\/?page_id=11"},"modified":"2018-09-27T13:39:38","modified_gmt":"2018-09-27T13:39:38","slug":"therapie-und-praevention","status":"publish","type":"page","link":"https:\/\/osteopathie-goehler.de\/?page_id=11","title":{"rendered":"Therapie und Pr\u00e4vention"},"content":{"rendered":"<p><img decoding=\"async\" loading=\"lazy\" class=\"size-medium wp-image-150 alignright\" src=\"https:\/\/osteopathie-goehler.de\/wp-content\/uploads\/2018\/09\/jeff-nissen-562122-unsplash-300x200.jpg\" alt=\"\" width=\"300\" height=\"200\" srcset=\"https:\/\/osteopathie-goehler.de\/wp-content\/uploads\/2018\/09\/jeff-nissen-562122-unsplash-300x200.jpg 300w, https:\/\/osteopathie-goehler.de\/wp-content\/uploads\/2018\/09\/jeff-nissen-562122-unsplash-768x513.jpg 768w, https:\/\/osteopathie-goehler.de\/wp-content\/uploads\/2018\/09\/jeff-nissen-562122-unsplash-1024x684.jpg 1024w\" sizes=\"(max-width: 300px) 100vw, 300px\" \/>Als Osteopathin und Heilpraktikerin konzentriere ich mich\u00a0auf die\u00a0Therapie und Pr\u00e4vention von akuten und chronischen Beschwerden.<\/p>\n<p>Mein Anliegen besteht darin, die Beschwerden durch Herausfinden der Krankheitsursachen auf gezielten therapeutischen Weg \u00fcber Anwendungsm\u00f6glichkeiten aus der Osteopathie erg\u00e4nzend mit der Naturheilkunde zu regulieren.<\/p>\n<p>Zu dieser\u00a0gemeinsamen\u00a0Therapiearbeit\u00a0Ihrer individuellen\u00a0Beschwerden lade ich Sie gern ein.<\/p>\n","protected":false},"excerpt":{"rendered":"<p>Als Osteopathin und Heilpraktikerin konzentriere ich mich\u00a0auf die\u00a0Therapie und Pr\u00e4vention von akuten und chronischen Beschwerden. Mein Anliegen besteht darin, die Beschwerden durch Herausfinden der Krankheitsursachen auf gezielten therapeutischen Weg \u00fcber Anwendungsm\u00f6glichkeiten aus der Osteopathie erg\u00e4nzend mit der Naturheilkunde zu regulieren. Zu dieser\u00a0gemeinsamen\u00a0Therapiearbeit\u00a0Ihrer individuellen\u00a0Beschwerden lade ich Sie gern ein.<\/p>\n","protected":false},"author":1,"featured_media":0,"parent":0,"menu_order":0,"comment_status":"closed","ping_status":"closed","template":"","meta":[],"_links":{"self":[{"href":"https:\/\/osteopathie-goehler.de\/index.php?rest_route=\/wp\/v2\/pages\/11"}],"collection":[{"href":"https:\/\/osteopathie-goehler.de\/index.php?rest_route=\/wp\/v2\/pages"}],"about":[{"href":"https:\/\/osteopathie-goehler.de\/index.php?rest_route=\/wp\/v2\/types\/page"}],"author":[{"embeddable":true,"href":"https:\/\/osteopathie-goehler.de\/index.php?rest_route=\/wp\/v2\/users\/1"}],"replies":[{"embeddable":true,"href":"https:\/\/osteopathie-goehler.de\/index.php?rest_route=%2Fwp%2Fv2%2Fcomments&post=11"}],"version-history":[{"count":12,"href":"https:\/\/osteopathie-goehler.de\/index.php?rest_route=\/wp\/v2\/pages\/11\/revisions"}],"predecessor-version":[{"id":244,"href":"https:\/\/osteopathie-goehler.de\/index.php?rest_route=\/wp\/v2\/pages\/11\/revisions\/244"}],"wp:attachment":[{"href":"https:\/\/osteopathie-goehler.de\/index.php?rest_route=%2Fwp%2Fv2%2Fmedia&parent=11"}],"curies":[{"name":"wp","href":"https:\/\/api.w.org\/{rel}","templated":true}]}}